{"id":19,"date":"2019-09-10T06:53:22","date_gmt":"2019-09-10T06:53:22","guid":{"rendered":"https:\/\/amabeaute.com\/?p=19"},"modified":"2022-03-02T15:54:48","modified_gmt":"2022-03-02T15:54:48","slug":"contact","status":"publish","type":"page","link":"https:\/\/amabeaute.com\/?page_id=19","title":{"rendered":"Contact"},"content":{"rendered":"<div>\n<h1>Horaires d&rsquo;ouvertures<\/h1>\n<div>\n<p>Du Lundi au vendredi de 09H \u00e0 12H et de 14H \u00e0 19H.<br \/>Ferm\u00e9 les samedis et dimanches.<\/p>\n<p><strong>Rendez-vous \u00e0 domicile uniquement sur r\u00e9servation par t\u00e9l\u00e9phone.<\/strong><\/p>\n<\/div>\n<\/div>\n<ul>\n<li>\n<h3>Lundi au Vendredi<\/h3>\n<p>09H-12H <br \/> 14H-19H<\/p>\n<\/li>\n<li>\n<h3>Samedi et Dimanche<\/h3>\n<p>Ferm\u00e9<\/p>\n<\/li>\n<li>\n<h3>Soins \u00e0 domicile<\/h3>\n<p>Sur rendez-vous<\/p>\n<\/li>\n<\/ul>\n<div>\n<div>06 14 74 70 59<\/div>\n<p>Prendre rendez-vous<\/p>\n<div>\n<h2 class=\"uk-h5 uk-text-primary\">Annuler un rendez-vous<\/h2>\n<p>Merci de me contacter 24H avant la date du rendez-vous en cas d&rsquo;indisponibilit\u00e9.<\/p>\n<\/div>\n<\/div>\n<p><!--more--><br \/>\n<!-- {\"name\":\"\",\"type\":\"layout\",\"children\":[{\"name\":\"Opening hours\",\"type\":\"section\",\"props\":{\"width\":\"large\",\"padding\":\"large\",\"style\":\"default\",\"media\":\"\",\"height_viewport\":false,\"header_overlay\":\"light\",\"animation\":\"fade\",\"padding_remove_top\":false,\"image_position\":\"center-center\",\"vertical_align\":\"middle\",\"title_position\":\"top-left\",\"title_rotation\":\"left\",\"title_breakpoint\":\"xl\",\"image\":\"wp-content\\\/uploads\\\/2022\\\/03\\\/fond-zen-3.jpg\",\"image_effect\":\"parallax\",\"image_parallax_bgy_start\":-250,\"image_parallax_bgy_end\":10,\"header_transparent\":\"dark\",\"media_visibility\":\"m\",\"image_size\":\"cover\"},\"children\":[{\"name\":\"\",\"type\":\"row\",\"props\":{\"layout\":\"1-2,1-2\",\"margin\":\"default\",\"vertical_align\":true,\"match\":false,\"divider\":false},\"children\":[{\"name\":\"\",\"type\":\"column\",\"props\":{\"image_position\":\"center-center\",\"vertical_align\":\"middle\",\"media_overlay_gradient\":\"\",\"width_large\":\"1-2\",\"position_sticky_breakpoint\":\"m\",\"style\":\"muted\"},\"children\":[{\"name\":\"\",\"type\":\"panel\",\"props\":{\"link_text\":\"Read more\",\"title_element\":\"h1\",\"meta_style\":\"meta\",\"meta_align\":\"below-title\",\"image_align\":\"top\",\"image_grid_width\":\"1-2\",\"link_style\":\"default\",\"margin\":\"large\",\"title\":\"Horaires d'ouvertures\",\"content\":\"\n\n<p>Du Lundi au vendredi de 09H \\u00e0 12H et de 14H \\u00e0 19H.<br \\\/>Ferm\\u00e9 les samedis et dimanches.<br \\\/><br \\\/><strong>Rendez-vous \\u00e0 domicile uniquement sur r\\u00e9servation par t\\u00e9l\\u00e9phone.<\\\/strong><\\\/p>\",\"maxwidth\":\"large\",\"text_align\":\"left\",\"text_align_breakpoint\":\"l\",\"text_align_fallback\":\"center\",\"maxwidth_breakpoint\":\"l\",\"image_svg_color\":\"emphasis\",\"title_style\":\"heading-small\",\"title_align\":\"top\",\"title_grid_width\":\"1-2\",\"title_hover_style\":\"reset\",\"title_grid_breakpoint\":\"m\",\"image_grid_breakpoint\":\"m\",\"icon_width\":80,\"meta_element\":\"div\",\"content_column_breakpoint\":\"m\"}},{\"name\":\"\",\"type\":\"description_list\",\"props\":{\"show_title\":true,\"show_meta\":true,\"show_content\":true,\"show_link\":true,\"layout\":\"grid-2-m\",\"meta_style\":\"h6\",\"meta_align\":\"below-content\",\"list_size\":\"large\",\"maxwidth\":\"large\",\"margin\":\"medium\",\"maxwidth_breakpoint\":\"l\",\"text_align\":\"left\",\"text_align_breakpoint\":\"l\",\"text_align_fallback\":\"center\",\"title_grid_column_gap\":\"small\",\"title_grid_row_gap\":\"small\",\"title_grid_breakpoint\":\"s\",\"title_grid_width\":\"medium\",\"title_leader\":false,\"list_element\":\"ul\",\"column_breakpoint\":\"m\",\"title_element\":\"div\"},\"children\":[{\"name\":\"\",\"type\":\"description_list_item\",\"props\":{\"title\":\"Lundi au Vendredi\",\"content\":\"\",\"meta\":\"09H-12H <br\\\/> 14H-19H\"}},{\"name\":\"\",\"type\":\"description_list_item\",\"props\":{\"title\":\"Samedi et Dimanche\",\"content\":\"\",\"meta\":\"Ferm\\u00e9\"}},{\"type\":\"description_list_item\",\"props\":{\"title\":\"Soins \\u00e0 domicile\",\"meta\":\"Sur rendez-vous\"}}]}]},{\"name\":\"\",\"type\":\"column\",\"props\":{\"image_position\":\"center-center\",\"vertical_align\":\"middle\",\"media_overlay_gradient\":\"\",\"width_large\":\"1-2\",\"position_sticky_breakpoint\":\"m\"},\"children\":[{\"name\":\"\",\"type\":\"panel\",\"props\":{\"link_text\":\"Read more\",\"title_element\":\"div\",\"meta_style\":\"h5\",\"meta_align\":\"above-title\",\"image_align\":\"top\",\"image_grid_width\":\"1-2\",\"link_style\":\"default\",\"margin\":\"default\",\"panel_style\":\"card-default\",\"title\":\"06 14 74 70 59\",\"meta\":\"Prendre rendez-vous\",\"content\":\"\n\n<p><\\\/p>\\n\n\n<h2 class=\\\"uk-h5 uk-text-primary\\\">Annuler un rendez-vous<\\\/h2>\\n\n\n<p>Merci de me contacter 24H avant la date du rendez-vous en cas d'indisponibilit\\u00e9.<\\\/p>\",\"maxwidth\":\"xlarge\",\"text_align\":\"left\",\"title_style\":\"heading-small\",\"text_align_breakpoint\":\"l\",\"text_align_fallback\":\"center\",\"maxwidth_breakpoint\":\"l\",\"image_svg_color\":\"emphasis\",\"title_align\":\"top\",\"title_grid_width\":\"1-2\",\"block_align\":\"right\",\"title_hover_style\":\"reset\",\"title_grid_breakpoint\":\"m\",\"image_grid_breakpoint\":\"m\",\"icon_width\":80,\"meta_element\":\"h2\",\"content_column_breakpoint\":\"m\",\"panel_padding\":\"large\"}}]}]}]}],\"version\":\"2.7.19\"} --><\/p>\n","protected":false},"excerpt":{"rendered":"<p>Horaires d&rsquo;ouvertures Du Lundi au vendredi de 09H \u00e0 12H et de 14H \u00e0 19H.Ferm\u00e9 les samedis et dimanches. Rendez-vous \u00e0 domicile uniquement sur r\u00e9servation par t\u00e9l\u00e9phone. Lundi au Vendredi 09H-12H 14H-19H Samedi et Dimanche Ferm\u00e9 Soins \u00e0 domicile Sur rendez-vous 06 14 74 70 59 Prendre rendez-vous Annuler un rendez-vous Merci de me contacter [&hellip;]<\/p>\n","protected":false},"author":1,"featured_media":0,"parent":0,"menu_order":2,"comment_status":"open","ping_status":"open","template":"","meta":[],"acf":[],"_links":{"self":[{"href":"https:\/\/amabeaute.com\/index.php?rest_route=\/wp\/v2\/pages\/19"}],"collection":[{"href":"https:\/\/amabeaute.com\/index.php?rest_route=\/wp\/v2\/pages"}],"about":[{"href":"https:\/\/amabeaute.com\/index.php?rest_route=\/wp\/v2\/types\/page"}],"author":[{"embeddable":true,"href":"https:\/\/amabeaute.com\/index.php?rest_route=\/wp\/v2\/users\/1"}],"replies":[{"embeddable":true,"href":"https:\/\/amabeaute.com\/index.php?rest_route=%2Fwp%2Fv2%2Fcomments&post=19"}],"version-history":[{"count":2,"href":"https:\/\/amabeaute.com\/index.php?rest_route=\/wp\/v2\/pages\/19\/revisions"}],"predecessor-version":[{"id":1135,"href":"https:\/\/amabeaute.com\/index.php?rest_route=\/wp\/v2\/pages\/19\/revisions\/1135"}],"wp:attachment":[{"href":"https:\/\/amabeaute.com\/index.php?rest_route=%2Fwp%2Fv2%2Fmedia&parent=19"}],"curies":[{"name":"wp","href":"https:\/\/api.w.org\/{rel}","templated":true}]}}